{"id":24,"date":"2019-10-22T13:43:39","date_gmt":"2019-10-22T13:43:39","guid":{"rendered":"https:\/\/www.typeandforme.de\/?page_id=24"},"modified":"2025-02-11T18:13:57","modified_gmt":"2025-02-11T18:13:57","slug":"uber-uns","status":"publish","type":"page","link":"https:\/\/www.typeandforme.de\/index.php\/uber-uns\/","title":{"rendered":"\u00dcber uns"},"content":{"rendered":"\n<p>Type &amp; Forme ist ein antiquarischer Buchhandel im Herzen Englands. Unser zweisprachiges Team (Dr Anke Timmermann und Mark James) hat \u00fcber die vergangenen Jahrzehnte viel Erfahrung in der B\u00fccherwelt gesammelt:<\/p>\n\n\n\n<p>Dr Timmermann ist eng mit Handschriftenleses\u00e4len und Archiven vertraut, die sie als Wissenschaftshistorikerin erforscht hat (PhD Cambridge 2007 und internationale Postdoktorandenkarriere); sie ist 2014 zum antiquarischen Buchhandel gewechselt und arbeitet nun in allen Fachgebieten, und besonders gerne an Rezept- und Reiseliteratur, englischer und Weltliteratur, und Privatpressen. <br><\/p>\n\n\n\n<p>Mr James war bei den renommierten englischen Auktionsh\u00e4usern Sotheby&#8217;s und Christies, und dann bei zwei der \u00e4ltesten antiquarischen Buchhandlungen in London, Sotheran&#8217;s und Quaritch, als Spezialist t\u00e4tig. Zu seinen besonderen Fachgebieten geh\u00f6ren Polar- und Bergsteigerliteratur, T.E. Lawrence, und Naturforschung.<\/p>\n\n\n<div class=\"wp-block-image\">\n<figure class=\"aligncenter\"><img loading=\"lazy\" decoding=\"async\" width=\"609\" height=\"446\" src=\"https:\/\/www.typeandforme.de\/wp-content\/uploads\/2019\/10\/Screenshot-2019-10-22-at-17.33.20.png\" alt=\"\" class=\"wp-image-66\" srcset=\"https:\/\/www.typeandforme.de\/wp-content\/uploads\/2019\/10\/Screenshot-2019-10-22-at-17.33.20.png 609w, https:\/\/www.typeandforme.de\/wp-content\/uploads\/2019\/10\/Screenshot-2019-10-22-at-17.33.20-600x439.png 600w, https:\/\/www.typeandforme.de\/wp-content\/uploads\/2019\/10\/Screenshot-2019-10-22-at-17.33.20-300x220.png 300w, https:\/\/www.typeandforme.de\/wp-content\/uploads\/2019\/10\/Screenshot-2019-10-22-at-17.33.20-410x300.png 410w\" sizes=\"auto, (max-width: 609px) 100vw, 609px\" \/><\/figure>\n<\/div>\n\n\n<p><\/p>\n\n\n\n<p><\/p>\n\n\n\n<p>2018 haben wir uns als Type &amp; Forme in Grantham, dem Geburtsort Isaac Newtons in Lincolnshire, niedergelassen. Wir sind Mitglied der Antiquarian Booksellers&#8217; Association (ABA) und der International League of Antiquarian Booksellers (ILAB). Wir sind w\u00f6chentlich in London anzutreffen, stellen u.a. auf internationalen Messen aus, und helfen Sammlern und Bibliotheken rund um die Welt, ihre Sammlungen zu erweitern. Wenn wir Ihnen bei der Entwicklung Ihrer Sammlung, oder der Suche nach einem Geschenk, behilflich sein k\u00f6nnen, melden Sie sich gerne bei uns: <a href=\"mailto:antiquariat@typeandforme.com\">antiquariat@typeandforme.com<\/a>.<\/p>\n\n\n<div class=\"wp-block-image\">\n<figure class=\"aligncenter is-resized\"><img loading=\"lazy\" decoding=\"async\" width=\"1024\" height=\"415\" src=\"https:\/\/www.typeandforme.de\/wp-content\/uploads\/2019\/10\/Joint-logo-1024x415.png\" alt=\"\" class=\"wp-image-67\" style=\"width:259px;height:104px\" srcset=\"https:\/\/www.typeandforme.de\/wp-content\/uploads\/2019\/10\/Joint-logo-1024x415.png 1024w, https:\/\/www.typeandforme.de\/wp-content\/uploads\/2019\/10\/Joint-logo-600x243.png 600w, https:\/\/www.typeandforme.de\/wp-content\/uploads\/2019\/10\/Joint-logo-300x122.png 300w, https:\/\/www.typeandforme.de\/wp-content\/uploads\/2019\/10\/Joint-logo-768x311.png 768w, https:\/\/www.typeandforme.de\/wp-content\/uploads\/2019\/10\/Joint-logo-611x248.png 611w, https:\/\/www.typeandforme.de\/wp-content\/uploads\/2019\/10\/Joint-logo.png 1086w\" sizes=\"auto, (max-width: 1024px) 100vw, 1024px\" \/><\/figure>\n<\/div>\n\n\n<p>Diese Webseite ist in Bearbeitung. Wir laden Sie herzlich dazu ein, unsere englischen Seiten zu besuchen, bis wir Ihnen hier ausf\u00fchrlicher unser Programm vorstellen k\u00f6nnen: <a href=\"http:\/\/www.typeandforme.com\">www.typeandforme.com<\/a>.<\/p>\n","protected":false},"excerpt":{"rendered":"<p>Type &amp; Forme ist ein antiquarischer Buchhandel im Herzen Englands. Unser zweisprachiges Team (Dr Anke Timmermann und Mark James) hat \u00fcber die vergangenen Jahrzehnte viel Erfahrung in der B\u00fccherwelt gesammelt: Dr Timmermann ist eng mit Handschriftenleses\u00e4len und Archiven vertraut, die sie als Wissenschaftshistorikerin erforscht hat (PhD Cambridge 2007 und internationale &hellip;<\/p>\n","protected":false},"author":1,"featured_media":0,"parent":0,"menu_order":0,"comment_status":"closed","ping_status":"closed","template":"","meta":{"footnotes":""},"class_list":["post-24","page","type-page","status-publish","hentry"],"_links":{"self":[{"href":"https:\/\/www.typeandforme.de\/index.php\/wp-json\/wp\/v2\/pages\/24","targetHints":{"allow":["GET"]}}],"collection":[{"href":"https:\/\/www.typeandforme.de\/index.php\/wp-json\/wp\/v2\/pages"}],"about":[{"href":"https:\/\/www.typeandforme.de\/index.php\/wp-json\/wp\/v2\/types\/page"}],"author":[{"embeddable":true,"href":"https:\/\/www.typeandforme.de\/index.php\/wp-json\/wp\/v2\/users\/1"}],"replies":[{"embeddable":true,"href":"https:\/\/www.typeandforme.de\/index.php\/wp-json\/wp\/v2\/comments?post=24"}],"version-history":[{"count":8,"href":"https:\/\/www.typeandforme.de\/index.php\/wp-json\/wp\/v2\/pages\/24\/revisions"}],"predecessor-version":[{"id":317,"href":"https:\/\/www.typeandforme.de\/index.php\/wp-json\/wp\/v2\/pages\/24\/revisions\/317"}],"wp:attachment":[{"href":"https:\/\/www.typeandforme.de\/index.php\/wp-json\/wp\/v2\/media?parent=24"}],"curies":[{"name":"wp","href":"https:\/\/api.w.org\/{rel}","templated":true}]}}